{"id":780,"date":"2025-12-29T15:48:11","date_gmt":"2025-12-29T15:48:11","guid":{"rendered":"https:\/\/demo.ccoding.com.br\/?post_type=product&#038;p=780"},"modified":"2026-03-16T12:04:23","modified_gmt":"2026-03-16T12:04:23","slug":"medical-services-appointment","status":"publish","type":"product","link":"https:\/\/demo.ccoding.com.br\/pt\/produto\/medical-services-appointment\/","title":{"rendered":"Agendamento de servi\u00e7os m\u00e9dicos"},"content":{"rendered":"<p data-start=\"565\" data-end=\"838\">This product allows patients to schedule a medical appointment and select from a broad range of healthcare services for demonstration purposes. During the booking process, patients choose an available date and time and complete the order through the standard checkout flow.<\/p>\n<p data-start=\"840\" data-end=\"867\">Available services include:<\/p>\n<p data-start=\"869\" data-end=\"888\"><strong data-start=\"869\" data-end=\"888\">Clinical Visits<\/strong><\/p>\n<ul data-start=\"889\" data-end=\"1041\">\n<li data-start=\"889\" data-end=\"916\">\n<p data-start=\"891\" data-end=\"916\">Consulta de Aten\u00e7\u00e3o Prim\u00e1ria para Doen\u00e7a<\/p>\n<\/li>\n<li data-start=\"917\" data-end=\"956\">\n<p data-start=\"919\" data-end=\"956\">Exame f\u00edsico de aten\u00e7\u00e3o prim\u00e1ria (paciente novo)<\/p>\n<\/li>\n<li data-start=\"957\" data-end=\"1001\">\n<p data-start=\"959\" data-end=\"1001\">Exame f\u00edsico de aten\u00e7\u00e3o prim\u00e1ria (paciente j\u00e1 cadastrado)<\/p>\n<\/li>\n<li data-start=\"1002\" data-end=\"1023\">\n<p data-start=\"1004\" data-end=\"1023\">Consulta de urg\u00eancia<\/p>\n<\/li>\n<li data-start=\"1024\" data-end=\"1041\">\n<p data-start=\"1026\" data-end=\"1041\">Visita virtual<\/p>\n<\/li>\n<\/ul>\n<p data-start=\"1043\" data-end=\"1086\"><strong data-start=\"1043\" data-end=\"1086\">On-Site Imaging and Laboratory Services<\/strong><\/p>\n<ul data-start=\"1087\" data-end=\"1298\">\n<li data-start=\"1087\" data-end=\"1097\">\n<p data-start=\"1089\" data-end=\"1097\">Raios X<\/p>\n<\/li>\n<li data-start=\"1098\" data-end=\"1120\">\n<p data-start=\"1100\" data-end=\"1120\">Blood Glucose Test<\/p>\n<\/li>\n<li data-start=\"1121\" data-end=\"1140\">\n<p data-start=\"1123\" data-end=\"1140\">Painel de Qu\u00edmica<\/p>\n<\/li>\n<li data-start=\"1141\" data-end=\"1168\">\n<p data-start=\"1143\" data-end=\"1168\">Teste de sangue oculto nas fezes<\/p>\n<\/li>\n<li data-start=\"1169\" data-end=\"1186\">\n<p data-start=\"1171\" data-end=\"1186\">Rastreio de gripe<\/p>\n<\/li>\n<li data-start=\"1187\" data-end=\"1214\">\n<p data-start=\"1189\" data-end=\"1214\">Triagem de mononucleose<\/p>\n<\/li>\n<li data-start=\"1215\" data-end=\"1238\">\n<p data-start=\"1217\" data-end=\"1238\">Triagem r\u00e1pida de HIV<\/p>\n<\/li>\n<li data-start=\"1239\" data-end=\"1270\">\n<p data-start=\"1241\" data-end=\"1270\">Rastreio r\u00e1pido de hepatite C<\/p>\n<\/li>\n<li data-start=\"1271\" data-end=\"1298\">\n<p data-start=\"1273\" data-end=\"1298\">Flu and Strep Screening<\/p>\n<\/li>\n<\/ul>\n<p data-start=\"1300\" data-end=\"1332\"><strong data-start=\"1300\" data-end=\"1332\">Medications and Vaccinations<\/strong><\/p>\n<ul data-start=\"1333\" data-end=\"1502\">\n<li data-start=\"1333\" data-end=\"1353\">\n<p data-start=\"1335\" data-end=\"1353\">Medicamentos orais<\/p>\n<\/li>\n<li data-start=\"1354\" data-end=\"1383\">\n<p data-start=\"1356\" data-end=\"1383\">Medicamentos intramusculares<\/p>\n<\/li>\n<li data-start=\"1384\" data-end=\"1411\">\n<p data-start=\"1386\" data-end=\"1411\">Medicamentos intravenosos<\/p>\n<\/li>\n<li data-start=\"1412\" data-end=\"1427\">\n<p data-start=\"1414\" data-end=\"1427\">Vacina contra a gripe<\/p>\n<\/li>\n<li data-start=\"1428\" data-end=\"1452\">\n<p data-start=\"1430\" data-end=\"1452\">Vacina contra o t\u00e9tano (TD)<\/p>\n<\/li>\n<li data-start=\"1453\" data-end=\"1502\">\n<p data-start=\"1455\" data-end=\"1502\">Vacina contra t\u00e9tano, difteria e coqueluche (TDAP)<\/p>\n<\/li>\n<\/ul>\n<p data-start=\"1504\" data-end=\"1760\">After booking, a confirmation email is sent with the appointment details. Depending on the selected service, the visit may be conducted in person or virtually. No physical products or shipping are required. Each booking corresponds to a single appointment.<\/p>","protected":false},"excerpt":{"rendered":"<p>Schedule a medical visit and select from a range of primary care, urgent care, virtual visits, and on-site imaging, lab tests, medications, and vaccines. Appointment details are confirmed by email after booking.<\/p>","protected":false},"featured_media":569,"comment_status":"open","ping_status":"closed","template":"","meta":[],"product_brand":[],"product_cat":[27],"product_tag":[],"class_list":{"0":"post-780","1":"product","2":"type-product","3":"status-publish","4":"has-post-thumbnail","6":"product_cat-clinic","8":"first","9":"instock","10":"virtual","11":"sold-individually","12":"purchasable","13":"product-type-booking"},"_links":{"self":[{"href":"https:\/\/demo.ccoding.com.br\/pt\/wp-json\/wp\/v2\/product\/780","targetHints":{"allow":["GET"]}}],"collection":[{"href":"https:\/\/demo.ccoding.com.br\/pt\/wp-json\/wp\/v2\/product"}],"about":[{"href":"https:\/\/demo.ccoding.com.br\/pt\/wp-json\/wp\/v2\/types\/product"}],"replies":[{"embeddable":true,"href":"https:\/\/demo.ccoding.com.br\/pt\/wp-json\/wp\/v2\/comments?post=780"}],"wp:featuredmedia":[{"embeddable":true,"href":"https:\/\/demo.ccoding.com.br\/pt\/wp-json\/wp\/v2\/media\/569"}],"wp:attachment":[{"href":"https:\/\/demo.ccoding.com.br\/pt\/wp-json\/wp\/v2\/media?parent=780"}],"wp:term":[{"taxonomy":"product_brand","embeddable":true,"href":"https:\/\/demo.ccoding.com.br\/pt\/wp-json\/wp\/v2\/product_brand?post=780"},{"taxonomy":"product_cat","embeddable":true,"href":"https:\/\/demo.ccoding.com.br\/pt\/wp-json\/wp\/v2\/product_cat?post=780"},{"taxonomy":"product_tag","embeddable":true,"href":"https:\/\/demo.ccoding.com.br\/pt\/wp-json\/wp\/v2\/product_tag?post=780"}],"curies":[{"name":"wp","href":"https:\/\/api.w.org\/{rel}","templated":true}]}}